{"id":46,"date":"2014-11-26T14:14:07","date_gmt":"2014-11-26T14:14:07","guid":{"rendered":"http:\/\/themes.muffingroup.com\/be\/pr\/?page_id=46"},"modified":"2025-07-15T16:10:11","modified_gmt":"2025-07-15T13:10:11","slug":"iletisim","status":"publish","type":"page","link":"http:\/\/www.ilgikirtasiye.com\/?page_id=46","title":{"rendered":"\u0130LET\u0130\u015e\u0130M"},"content":{"rendered":"","protected":false},"excerpt":{"rendered":"","protected":false},"author":1,"featured_media":0,"parent":0,"menu_order":0,"comment_status":"open","ping_status":"closed","template":"","meta":{"footnotes":""},"class_list":["post-46","page","type-page","status-publish","hentry"],"_links":{"self":[{"href":"http:\/\/www.ilgikirtasiye.com\/index.php?rest_route=\/wp\/v2\/pages\/46","targetHints":{"allow":["GET"]}}],"collection":[{"href":"http:\/\/www.ilgikirtasiye.com\/index.php?rest_route=\/wp\/v2\/pages"}],"about":[{"href":"http:\/\/www.ilgikirtasiye.com\/index.php?rest_route=\/wp\/v2\/types\/page"}],"author":[{"embeddable":true,"href":"http:\/\/www.ilgikirtasiye.com\/index.php?rest_route=\/wp\/v2\/users\/1"}],"replies":[{"embeddable":true,"href":"http:\/\/www.ilgikirtasiye.com\/index.php?rest_route=%2Fwp%2Fv2%2Fcomments&post=46"}],"version-history":[{"count":1,"href":"http:\/\/www.ilgikirtasiye.com\/index.php?rest_route=\/wp\/v2\/pages\/46\/revisions"}],"predecessor-version":[{"id":147,"href":"http:\/\/www.ilgikirtasiye.com\/index.php?rest_route=\/wp\/v2\/pages\/46\/revisions\/147"}],"wp:attachment":[{"href":"http:\/\/www.ilgikirtasiye.com\/index.php?rest_route=%2Fwp%2Fv2%2Fmedia&parent=46"}],"curies":[{"name":"wp","href":"https:\/\/api.w.org\/{rel}","templated":true}]}}